{"id":247,"date":"2018-03-12T00:22:02","date_gmt":"2018-03-12T03:22:02","guid":{"rendered":"http:\/\/elocorporate.com.br\/site\/?page_id=247"},"modified":"2024-05-01T10:43:30","modified_gmt":"2024-05-01T13:43:30","slug":"equipe","status":"publish","type":"page","link":"http:\/\/elocorporate.com.br\/site\/equipe\/","title":{"rendered":"Equipe"},"content":{"rendered":"<h4><span style=\"font-weight: 400;\"><strong>Angela Gon\u00e7alves &#8211; CEO<\/strong><img loading=\"lazy\" class=\"alignright wp-image-359\" src=\"http:\/\/elocorporate.com.br\/site\/wp-content\/uploads\/2022\/03\/ANGELA.png\" alt=\"angela_goncalves\" width=\"200\" height=\"188\" srcset=\"http:\/\/elocorporate.com.br\/site\/wp-content\/uploads\/2022\/03\/ANGELA.png 785w, http:\/\/elocorporate.com.br\/site\/wp-content\/uploads\/2022\/03\/ANGELA-300x282.png 300w, http:\/\/elocorporate.com.br\/site\/wp-content\/uploads\/2022\/03\/ANGELA-768x721.png 768w, http:\/\/elocorporate.com.br\/site\/wp-content\/uploads\/2022\/03\/ANGELA-700x657.png 700w, http:\/\/elocorporate.com.br\/site\/wp-content\/uploads\/2022\/03\/ANGELA-426x400.png 426w\" sizes=\"(max-width: 200px) 100vw, 200px\" \/><\/span><\/h4>\n<p><span style=\"font-weight: 400;\">Angela \u00e9 <em>Business Embassador<\/em> do WTC Business Club Sul e CEO da ELO Corporate. Atuou como\u00a0 Presidente da ADVB\/SC Associa\u00e7\u00e3o de Dirigentes de Marketing e Vendas do Brasil em Santa Catarina entre 2020 e 2021.<\/span><\/p>\n<p>Possui experi\u00eancia executiva em M&amp;A Internacional, Marketing e Vendas, Investimentos e estrutura\u00e7\u00e3o de Neg\u00f3cios Exponenciais.<\/p>\n<p>angela@elocorporate.com.br<\/p>\n<h4><\/h4>\n<h4>Sergio Costa &#8211; Internacionaliza\u00e7\u00e3o<img loading=\"lazy\" class=\"alignright wp-image-376\" src=\"http:\/\/elocorporate.com.br\/site\/wp-content\/uploads\/2022\/03\/sergio_costa.png\" alt=\"sergio\" width=\"200\" height=\"195\" srcset=\"http:\/\/elocorporate.com.br\/site\/wp-content\/uploads\/2022\/03\/sergio_costa.png 750w, http:\/\/elocorporate.com.br\/site\/wp-content\/uploads\/2022\/03\/sergio_costa-300x292.png 300w, http:\/\/elocorporate.com.br\/site\/wp-content\/uploads\/2022\/03\/sergio_costa-700x682.png 700w, http:\/\/elocorporate.com.br\/site\/wp-content\/uploads\/2022\/03\/sergio_costa-410x400.png 410w\" sizes=\"(max-width: 200px) 100vw, 200px\" \/><\/h4>\n<div dir=\"ltr\">\n<div>\n<p>Profissional com experi\u00eancia em mercados internacionais como o mercado Europeu, Africano e Brasileiro, atuando em varias \u00e1reas como a das telecomunica\u00e7\u00f5es, consultoria e desenvolvimento de neg\u00f3cios e marketing.<\/p>\n<\/div>\n<\/div>\n<div dir=\"ltr\">\n<div>\n<p>Tendo fomentado ao longo dos anos um Networking entre Portugal, Brasil e Mo\u00e7ambique, criando assim sinergias entre as v\u00e1rios empresas destes Pa\u00edses de forma a fomentar as suas expans\u00f5es para mercados exteriores e desenvolvimento de neg\u00f3cios entre elas.\u00a0 Atualmente atua desenvolvendo projetos de imobili\u00e1rio dando suporte a Fundos de Investimento estrangeiros que queriam desenvolver projetos de imobili\u00e1rios em Portugal.<\/p>\n<\/div>\n<\/div>\n<div dir=\"ltr\">\n<div>\n<p>Mestre em Contabilidade e Finan\u00e7as \u00a0e MBA em Lideran\u00e7a, Inova\u00e7\u00e3o e Gest\u00e3o 4.0.<\/p>\n<\/div>\n<\/div>\n<h4><strong>Phd. Vilson Martins Filho &#8211; <\/strong>Diretor Inova\u00e7\u00e3o e Service Design<img loading=\"lazy\" class=\"alignright wp-image-336\" src=\"http:\/\/elocorporate.com.br\/site\/wp-content\/uploads\/2021\/01\/vilson_elo-300x300.jpg\" alt=\"vilson_elo\" width=\"200\" height=\"200\" srcset=\"http:\/\/elocorporate.com.br\/site\/wp-content\/uploads\/2021\/01\/vilson_elo-300x300.jpg 300w, http:\/\/elocorporate.com.br\/site\/wp-content\/uploads\/2021\/01\/vilson_elo-150x150.jpg 150w, http:\/\/elocorporate.com.br\/site\/wp-content\/uploads\/2021\/01\/vilson_elo-100x100.jpg 100w, http:\/\/elocorporate.com.br\/site\/wp-content\/uploads\/2021\/01\/vilson_elo.jpg 382w\" sizes=\"(max-width: 200px) 100vw, 200px\" \/><\/h4>\n<p>Vilson possui mais de 20 anos de experi\u00eancia em Tecnologias para Inova\u00e7\u00e3o em Educa\u00e7\u00e3o Formal e Executiva. Desenvolveu desde cursos a dist\u00e2ncia para Universidades Nacionais e Internacionais.<\/p>\n<p>Atua em Corporate Venture Building e Implanta\u00e7\u00e3o de Ecossistemas de Inova\u00e7\u00e3o Aberta realizando conex\u00e3o entre o mundo dos investimento com empreendedores em neg\u00f3cios exponenciais.<\/p>\n<p>Possui Doutorado em Engenharia e Gest\u00e3o do Conhecimento (UFSC). Possui experi\u00eancia em Educa\u00e7\u00e3o Executiva e Acad\u00eamica em modelagens corporativas para Inova\u00e7\u00e3o, Novos Neg\u00f3cios, Transforma\u00e7\u00e3o Digital e Marketing Digital e adequa\u00e7\u00e3o a LGPD.<\/p>\n<p>vilson@elocorporate.com.br<\/p>\n<div dir=\"ltr\">\n<div><\/div>\n<\/div>\n","protected":false},"excerpt":{"rendered":"<p>Angela Gon\u00e7alves &#8211; CEO Angela \u00e9 Business Embassador do WTC Business Club Sul e CEO da ELO Corporate. Atuou como\u00a0 Presidente da ADVB\/SC Associa\u00e7\u00e3o de Dirigentes de Marketing e Vendas do Brasil em Santa Catarina entre 2020 e 2021. Possui experi\u00eancia executiva em M&amp;A Internacional, Marketing e Vendas, Investimentos e estrutura\u00e7\u00e3o de Neg\u00f3cios Exponenciais. angela@elocorporate.com.br &hellip; <a href=\"http:\/\/elocorporate.com.br\/site\/equipe\/\" class=\"more-link\">Continue lendo <span class=\"screen-reader-text\">Equipe<\/span> <span class=\"meta-nav\">\t<\/span><\/a><\/p>\n","protected":false},"author":1,"featured_media":0,"parent":0,"menu_order":0,"comment_status":"closed","ping_status":"closed","template":"","meta":[],"_links":{"self":[{"href":"http:\/\/elocorporate.com.br\/site\/wp-json\/wp\/v2\/pages\/247"}],"collection":[{"href":"http:\/\/elocorporate.com.br\/site\/wp-json\/wp\/v2\/pages"}],"about":[{"href":"http:\/\/elocorporate.com.br\/site\/wp-json\/wp\/v2\/types\/page"}],"author":[{"embeddable":true,"href":"http:\/\/elocorporate.com.br\/site\/wp-json\/wp\/v2\/users\/1"}],"replies":[{"embeddable":true,"href":"http:\/\/elocorporate.com.br\/site\/wp-json\/wp\/v2\/comments?post=247"}],"version-history":[{"count":22,"href":"http:\/\/elocorporate.com.br\/site\/wp-json\/wp\/v2\/pages\/247\/revisions"}],"predecessor-version":[{"id":384,"href":"http:\/\/elocorporate.com.br\/site\/wp-json\/wp\/v2\/pages\/247\/revisions\/384"}],"wp:attachment":[{"href":"http:\/\/elocorporate.com.br\/site\/wp-json\/wp\/v2\/media?parent=247"}],"curies":[{"name":"wp","href":"https:\/\/api.w.org\/{rel}","templated":true}]}}