{"id":212,"date":"2018-03-11T23:20:31","date_gmt":"2018-03-12T02:20:31","guid":{"rendered":"http:\/\/elocorporate.com.br\/site\/?page_id=212"},"modified":"2021-02-10T22:48:27","modified_gmt":"2021-02-11T01:48:27","slug":"solucao-hub-de-crescimento","status":"publish","type":"page","link":"http:\/\/elocorporate.com.br\/site\/solucao-hub-de-crescimento\/","title":{"rendered":"ELO BUSINESS ACCELERATE: ESTRUTURA\u00c7\u00c3O DE CAPITAL"},"content":{"rendered":"<p><strong>ELO BUSINESS ACCELERATE.<\/strong><\/p>\n<p>A ELOCORPORATE acelera oportunidades de expans\u00e3o de ativos da sua empresa criando estrutura\u00e7\u00e3o de capital e mediando solu\u00e7\u00f5es de diferentes fundos financeiros.<\/p>\n<p>Dessa forma, auxilia no diagn\u00f3stico, estrutura\u00e7\u00e3o e acompanha a opera\u00e7\u00e3o de cr\u00e9dito com planos de retorno que potencializam oportunidades de crescimento.<\/p>\n<p>Nosso time de Estrutura\u00e7\u00e3o Financeira atua com mandatos de solu\u00e7\u00f5es de investimentos em busca de Fundos de Capital para facilitar as decis\u00f5es estrat\u00e9gicas de crescimento, investimento e expans\u00e3o de mercado.<\/p>\n","protected":false},"excerpt":{"rendered":"<p>ELO BUSINESS ACCELERATE. A ELOCORPORATE acelera oportunidades de expans\u00e3o de ativos da sua empresa criando estrutura\u00e7\u00e3o de capital e mediando solu\u00e7\u00f5es de diferentes fundos financeiros. Dessa forma, auxilia no diagn\u00f3stico, estrutura\u00e7\u00e3o e acompanha a opera\u00e7\u00e3o de cr\u00e9dito com planos de retorno que potencializam oportunidades de crescimento. Nosso time de Estrutura\u00e7\u00e3o Financeira atua com mandatos de &hellip; <a href=\"http:\/\/elocorporate.com.br\/site\/solucao-hub-de-crescimento\/\" class=\"more-link\">Continue lendo <span class=\"screen-reader-text\">ELO BUSINESS ACCELERATE: ESTRUTURA\u00c7\u00c3O DE CAPITAL<\/span> <span class=\"meta-nav\">\t<\/span><\/a><\/p>\n","protected":false},"author":1,"featured_media":351,"parent":0,"menu_order":0,"comment_status":"closed","ping_status":"closed","template":"","meta":[],"_links":{"self":[{"href":"http:\/\/elocorporate.com.br\/site\/wp-json\/wp\/v2\/pages\/212"}],"collection":[{"href":"http:\/\/elocorporate.com.br\/site\/wp-json\/wp\/v2\/pages"}],"about":[{"href":"http:\/\/elocorporate.com.br\/site\/wp-json\/wp\/v2\/types\/page"}],"author":[{"embeddable":true,"href":"http:\/\/elocorporate.com.br\/site\/wp-json\/wp\/v2\/users\/1"}],"replies":[{"embeddable":true,"href":"http:\/\/elocorporate.com.br\/site\/wp-json\/wp\/v2\/comments?post=212"}],"version-history":[{"count":5,"href":"http:\/\/elocorporate.com.br\/site\/wp-json\/wp\/v2\/pages\/212\/revisions"}],"predecessor-version":[{"id":347,"href":"http:\/\/elocorporate.com.br\/site\/wp-json\/wp\/v2\/pages\/212\/revisions\/347"}],"wp:featuredmedia":[{"embeddable":true,"href":"http:\/\/elocorporate.com.br\/site\/wp-json\/wp\/v2\/media\/351"}],"wp:attachment":[{"href":"http:\/\/elocorporate.com.br\/site\/wp-json\/wp\/v2\/media?parent=212"}],"curies":[{"name":"wp","href":"https:\/\/api.w.org\/{rel}","templated":true}]}}