{"id":204,"date":"2018-03-04T23:47:21","date_gmt":"2018-03-05T02:47:21","guid":{"rendered":"http:\/\/elocorporate.com.br\/site\/?page_id=204"},"modified":"2021-01-21T23:23:35","modified_gmt":"2021-01-22T02:23:35","slug":"contato","status":"publish","type":"page","link":"http:\/\/elocorporate.com.br\/site\/contato\/","title":{"rendered":"Contato"},"content":{"rendered":"<p><a href=\"https:\/\/maps.google.com\/maps?ll=-27.576557,-48.527039&amp;z=16&amp;t=m&amp;hl=en-US&amp;gl=BR&amp;mapclient=embed&amp;q=R.%20Idalina%20Pereira%20dos%20Santos%2C%2067%20-%20Agron%C3%B4mica%20Florian%C3%B3polis%20-%20SC%2088025-260\" target=\"_blank\" rel=\"noopener\"><img loading=\"lazy\" class=\" size-full wp-image-58 alignright\" src=\"https:\/\/elo2018.files.wordpress.com\/2018\/02\/screen-shot-2018-02-05-at-09-56-23.png\" alt=\"Elo Florian\u00f3polis\" width=\"377\" height=\"280\" \/><\/a><\/p>\n<p><strong>FLORIAN\u00d3POLIS \u2013 SC<\/strong><\/p>\n<p>R. Idalina Pereira dos Santos, 67<br \/>\nAgron\u00f4mica, Florian\u00f3polis \u2013 SC,<br \/>\n<strong>contato@elocorporate.com.br<\/strong><br \/>\nFone: 48 3307 1981<br \/>\nCEP 88025-260<\/p>\n<h1><\/h1>\n<h1><\/h1>\n<p><img loading=\"lazy\" class=\" size-full wp-image-57 alignright\" src=\"https:\/\/elo2018.files.wordpress.com\/2018\/02\/screen-shot-2018-02-05-at-09-56-36.png\" alt=\"Elo S\u00e3o Paulo\" width=\"405\" height=\"302\" \/><\/p>\n<p><strong>S\u00c3O PAULO &#8211; SP<\/strong><\/p>\n<p>WTC S\u00e3o Paulo<br \/>\nAvenida das Na\u00e7\u00f5es Unidas, n\u00ba 12551<br \/>\nBrooklyn \u2013 SP<\/p>\n<h2><\/h2>\n<h2><\/h2>\n<h2><\/h2>\n<h3><\/h3>\n","protected":false},"excerpt":{"rendered":"<p>FLORIAN\u00d3POLIS \u2013 SC R. Idalina Pereira dos Santos, 67 Agron\u00f4mica, Florian\u00f3polis \u2013 SC, contato@elocorporate.com.br Fone: 48 3307 1981 CEP 88025-260 S\u00c3O PAULO &#8211; SP WTC S\u00e3o Paulo Avenida das Na\u00e7\u00f5es Unidas, n\u00ba 12551 Brooklyn \u2013 SP<\/p>\n","protected":false},"author":1,"featured_media":206,"parent":0,"menu_order":0,"comment_status":"closed","ping_status":"closed","template":"","meta":[],"_links":{"self":[{"href":"http:\/\/elocorporate.com.br\/site\/wp-json\/wp\/v2\/pages\/204"}],"collection":[{"href":"http:\/\/elocorporate.com.br\/site\/wp-json\/wp\/v2\/pages"}],"about":[{"href":"http:\/\/elocorporate.com.br\/site\/wp-json\/wp\/v2\/types\/page"}],"author":[{"embeddable":true,"href":"http:\/\/elocorporate.com.br\/site\/wp-json\/wp\/v2\/users\/1"}],"replies":[{"embeddable":true,"href":"http:\/\/elocorporate.com.br\/site\/wp-json\/wp\/v2\/comments?post=204"}],"version-history":[{"count":4,"href":"http:\/\/elocorporate.com.br\/site\/wp-json\/wp\/v2\/pages\/204\/revisions"}],"predecessor-version":[{"id":327,"href":"http:\/\/elocorporate.com.br\/site\/wp-json\/wp\/v2\/pages\/204\/revisions\/327"}],"wp:featuredmedia":[{"embeddable":true,"href":"http:\/\/elocorporate.com.br\/site\/wp-json\/wp\/v2\/media\/206"}],"wp:attachment":[{"href":"http:\/\/elocorporate.com.br\/site\/wp-json\/wp\/v2\/media?parent=204"}],"curies":[{"name":"wp","href":"https:\/\/api.w.org\/{rel}","templated":true}]}}