{"id":202,"date":"2018-03-04T23:09:26","date_gmt":"2018-03-05T02:09:26","guid":{"rendered":"http:\/\/elocorporate.com.br\/site\/?page_id=202"},"modified":"2021-01-21T23:10:28","modified_gmt":"2021-01-22T02:10:28","slug":"quem-somos","status":"publish","type":"page","link":"http:\/\/elocorporate.com.br\/site\/","title":{"rendered":"Quem somos"},"content":{"rendered":"<p style=\"text-align: right;\"><img loading=\"lazy\" class=\"wp-image-30 alignright\" src=\"https:\/\/elo2018.files.wordpress.com\/2018\/02\/pexels-photo-373965.jpeg\" alt=\"pexels-photo-373965\" width=\"547\" height=\"362\" \/><\/p>\n<p style=\"text-align: left;\">A ELOCORPORATE atua criando conex\u00f5es e fluxos de neg\u00f3cios, criando oportunidades desde capta\u00e7\u00e3o e engenharia de recursos financeiros, cria\u00e7\u00e3o de projetos de inova\u00e7\u00e3o em marketing, vendas e fus\u00f5es e desenvolvimento de neg\u00f3cios exponenciais.<\/p>\n<p>Nosso objetivo \u00e9 proporcionar ganhos m\u00fatuos, pela amplia\u00e7\u00e3o de capital, marcas e opera\u00e7\u00f5es por meio de inova\u00e7\u00e3o em ecossistemas de neg\u00f3cios digitais.<\/p>\n","protected":false},"excerpt":{"rendered":"<p>A ELOCORPORATE atua criando conex\u00f5es e fluxos de neg\u00f3cios, criando oportunidades desde capta\u00e7\u00e3o e engenharia de recursos financeiros, cria\u00e7\u00e3o de projetos de inova\u00e7\u00e3o em marketing, vendas e fus\u00f5es e desenvolvimento de neg\u00f3cios exponenciais. Nosso objetivo \u00e9 proporcionar ganhos m\u00fatuos, pela amplia\u00e7\u00e3o de capital, marcas e opera\u00e7\u00f5es por meio de inova\u00e7\u00e3o em ecossistemas de neg\u00f3cios digitais.<\/p>\n","protected":false},"author":1,"featured_media":0,"parent":0,"menu_order":0,"comment_status":"closed","ping_status":"closed","template":"templates\/portfolio-page.php","meta":[],"_links":{"self":[{"href":"http:\/\/elocorporate.com.br\/site\/wp-json\/wp\/v2\/pages\/202"}],"collection":[{"href":"http:\/\/elocorporate.com.br\/site\/wp-json\/wp\/v2\/pages"}],"about":[{"href":"http:\/\/elocorporate.com.br\/site\/wp-json\/wp\/v2\/types\/page"}],"author":[{"embeddable":true,"href":"http:\/\/elocorporate.com.br\/site\/wp-json\/wp\/v2\/users\/1"}],"replies":[{"embeddable":true,"href":"http:\/\/elocorporate.com.br\/site\/wp-json\/wp\/v2\/comments?post=202"}],"version-history":[{"count":29,"href":"http:\/\/elocorporate.com.br\/site\/wp-json\/wp\/v2\/pages\/202\/revisions"}],"predecessor-version":[{"id":319,"href":"http:\/\/elocorporate.com.br\/site\/wp-json\/wp\/v2\/pages\/202\/revisions\/319"}],"wp:attachment":[{"href":"http:\/\/elocorporate.com.br\/site\/wp-json\/wp\/v2\/media?parent=202"}],"curies":[{"name":"wp","href":"https:\/\/api.w.org\/{rel}","templated":true}]}}