{"id":191,"date":"2018-03-11T23:21:04","date_gmt":"2018-03-12T02:21:04","guid":{"rendered":"http:\/\/elocorporate.com.br\/site\/?page_id=191"},"modified":"2019-10-29T00:25:32","modified_gmt":"2019-10-29T03:25:32","slug":"solucoes","status":"publish","type":"page","link":"http:\/\/elocorporate.com.br\/site\/solucoes\/","title":{"rendered":"Solu\u00e7\u00f5es"},"content":{"rendered":"<h2>SPONSORSHIP SERVICES<\/h2>\n<p>Como forma de expandir e conectar empresas,\u00a0a ELOCORPORATE atua de forma concisa ao buscar\u00a0as melhores oportunidades de patroc\u00ednio, unindo a\u00a0exposi\u00e7\u00e3o de marca de um neg\u00f3cio \u00e0s necessidades\u00a0de patroc\u00ednio de projetos dos seus clientes.<\/p>\n<h2>ELO BUSINESS ACCELERATE<\/h2>\n<p>A ELOCORPORATE acelera oportunidades de expans\u00e3o de ativos da sua empresa, com planos de retorno que potencializam oportunidades de crescimento.<\/p>\n<h2>SOLU\u00c7\u00d5ES CORPORATIVAS<\/h2>\n<p><img loading=\"lazy\" class=\"size-full wp-image-115 aligncenter\" src=\"https:\/\/elo2018.files.wordpress.com\/2018\/02\/screen-shot-2018-02-05-at-14-30-28.png\" alt=\"Screen Shot 2018-02-05 at 14.30.28\" width=\"396\" height=\"205\" \/><\/p>\n<p>A ELOCORPORATE tamb\u00e9m atua na consultoria empresarial, realizando a imers\u00e3o no neg\u00f3cio do cliente\u00a0identificando as necessidades a fim de desenvolver a\u00e7\u00f5es que tragam a solu\u00e7\u00e3o desejada.<\/p>\n","protected":false},"excerpt":{"rendered":"<p>SPONSORSHIP SERVICES Como forma de expandir e conectar empresas,\u00a0a ELOCORPORATE atua de forma concisa ao buscar\u00a0as melhores oportunidades de patroc\u00ednio, unindo a\u00a0exposi\u00e7\u00e3o de marca de um neg\u00f3cio \u00e0s necessidades\u00a0de patroc\u00ednio de projetos dos seus clientes. ELO BUSINESS ACCELERATE A ELOCORPORATE acelera oportunidades de expans\u00e3o de ativos da sua empresa, com planos de retorno que potencializam &hellip; <a href=\"http:\/\/elocorporate.com.br\/site\/solucoes\/\" class=\"more-link\">Continue lendo <span class=\"screen-reader-text\">Solu\u00e7\u00f5es<\/span> <span class=\"meta-nav\">\t<\/span><\/a><\/p>\n","protected":false},"author":1,"featured_media":192,"parent":0,"menu_order":0,"comment_status":"closed","ping_status":"closed","template":"","meta":[],"_links":{"self":[{"href":"http:\/\/elocorporate.com.br\/site\/wp-json\/wp\/v2\/pages\/191"}],"collection":[{"href":"http:\/\/elocorporate.com.br\/site\/wp-json\/wp\/v2\/pages"}],"about":[{"href":"http:\/\/elocorporate.com.br\/site\/wp-json\/wp\/v2\/types\/page"}],"author":[{"embeddable":true,"href":"http:\/\/elocorporate.com.br\/site\/wp-json\/wp\/v2\/users\/1"}],"replies":[{"embeddable":true,"href":"http:\/\/elocorporate.com.br\/site\/wp-json\/wp\/v2\/comments?post=191"}],"version-history":[{"count":2,"href":"http:\/\/elocorporate.com.br\/site\/wp-json\/wp\/v2\/pages\/191\/revisions"}],"predecessor-version":[{"id":305,"href":"http:\/\/elocorporate.com.br\/site\/wp-json\/wp\/v2\/pages\/191\/revisions\/305"}],"wp:featuredmedia":[{"embeddable":true,"href":"http:\/\/elocorporate.com.br\/site\/wp-json\/wp\/v2\/media\/192"}],"wp:attachment":[{"href":"http:\/\/elocorporate.com.br\/site\/wp-json\/wp\/v2\/media?parent=191"}],"curies":[{"name":"wp","href":"https:\/\/api.w.org\/{rel}","templated":true}]}}