{"id":187,"date":"2018-03-11T23:21:05","date_gmt":"2018-03-12T02:21:05","guid":{"rendered":"http:\/\/elocorporate.com.br\/site\/?page_id=187"},"modified":"2021-02-10T22:55:27","modified_gmt":"2021-02-11T01:55:27","slug":"solucoes-ma","status":"publish","type":"page","link":"http:\/\/elocorporate.com.br\/site\/solucoes-ma\/","title":{"rendered":"SOLU\u00c7\u00d5ES: BIG DATA, I.A. PARA VENDAS E MARKETING"},"content":{"rendered":"<p style=\"text-align: left;\">BIG DATA, I.A. PARA VENDAS E MARKETING<\/p>\n<p>Aceleramos e implantamos solu\u00e7\u00f5es de BigData com Intelig\u00eancia Artificial (IA) para atividades de Marketing e Vendas.<\/p>\n<p>Nossa equipe atua conectando, desenvolvendo e estruturando processos de Transforma\u00e7\u00e3o Digital espec\u00edficos para Marketing e Vendas com foco em retornos exponenciais.<\/p>\n","protected":false},"excerpt":{"rendered":"<p>BIG DATA, I.A. PARA VENDAS E MARKETING Aceleramos e implantamos solu\u00e7\u00f5es de BigData com Intelig\u00eancia Artificial (IA) para atividades de Marketing e Vendas. Nossa equipe atua conectando, desenvolvendo e estruturando processos de Transforma\u00e7\u00e3o Digital espec\u00edficos para Marketing e Vendas com foco em retornos exponenciais.<\/p>\n","protected":false},"author":1,"featured_media":352,"parent":0,"menu_order":0,"comment_status":"closed","ping_status":"closed","template":"","meta":[],"_links":{"self":[{"href":"http:\/\/elocorporate.com.br\/site\/wp-json\/wp\/v2\/pages\/187"}],"collection":[{"href":"http:\/\/elocorporate.com.br\/site\/wp-json\/wp\/v2\/pages"}],"about":[{"href":"http:\/\/elocorporate.com.br\/site\/wp-json\/wp\/v2\/types\/page"}],"author":[{"embeddable":true,"href":"http:\/\/elocorporate.com.br\/site\/wp-json\/wp\/v2\/users\/1"}],"replies":[{"embeddable":true,"href":"http:\/\/elocorporate.com.br\/site\/wp-json\/wp\/v2\/comments?post=187"}],"version-history":[{"count":4,"href":"http:\/\/elocorporate.com.br\/site\/wp-json\/wp\/v2\/pages\/187\/revisions"}],"predecessor-version":[{"id":348,"href":"http:\/\/elocorporate.com.br\/site\/wp-json\/wp\/v2\/pages\/187\/revisions\/348"}],"wp:featuredmedia":[{"embeddable":true,"href":"http:\/\/elocorporate.com.br\/site\/wp-json\/wp\/v2\/media\/352"}],"wp:attachment":[{"href":"http:\/\/elocorporate.com.br\/site\/wp-json\/wp\/v2\/media?parent=187"}],"curies":[{"name":"wp","href":"https:\/\/api.w.org\/{rel}","templated":true}]}}