{"id":183,"date":"2018-03-11T23:21:05","date_gmt":"2018-03-12T02:21:05","guid":{"rendered":"http:\/\/elocorporate.com.br\/site\/?page_id=183"},"modified":"2021-02-10T22:57:02","modified_gmt":"2021-02-11T01:57:02","slug":"solucoes-inovacao-e-service-design","status":"publish","type":"page","link":"http:\/\/elocorporate.com.br\/site\/solucoes-inovacao-e-service-design\/","title":{"rendered":"SOLU\u00c7\u00d5ES: IMPLANTA\u00c7\u00c3O DE ECOSSISTEMA DE INOVA\u00c7\u00c3O ABERTA"},"content":{"rendered":"<p><\/p>\n<p><b>INOVA\u00c7\u00c3O ABERTA E VENTURE BUILDING<\/b><\/p>\n<p>A partir de metodologia pr\u00f3pria, a ELO CORPORATE trabalha no diagn\u00f3stico de potencial inovador para empresas de m\u00e9dio e grande porte, conectando necessidades com Ecossistemas de Inova\u00e7\u00e3o Aberta pelo Brasil e Mundo.<\/p>\n<p>Nosso time especializado em projetos de Gest\u00e0o Estrat\u00e9gica da Inova\u00e7\u00e3o, Design Thinking&nbsp; e Service Design atua internamente nas empresas, empoderando os times de Marketing e Vendas para a gera\u00e7\u00e3o de resultados.<\/p>\n<p>Al\u00e9m disso, auxiliamos os Conselhos de empresas a criarem um plano de a\u00e7\u00e3o para Inova\u00e7\u00e3o e Novos Neg\u00f3cios, considerando o desenho de Funil de Inova\u00e7\u00e3o, Capacita\u00e7\u00f5es, Mentorias e Conex\u00f5es por todo o Mundo.<\/p>\n\n\n<p><\/p>\n","protected":false},"excerpt":{"rendered":"<p>INOVA\u00c7\u00c3O ABERTA E VENTURE BUILDING A partir de metodologia pr\u00f3pria, a ELO CORPORATE trabalha no diagn\u00f3stico de potencial inovador para empresas de m\u00e9dio e grande porte, conectando necessidades com Ecossistemas de Inova\u00e7\u00e3o Aberta pelo Brasil e Mundo. Nosso time especializado em projetos de Gest\u00e0o Estrat\u00e9gica da Inova\u00e7\u00e3o, Design Thinking&nbsp; e Service Design atua internamente nas &hellip; <a href=\"http:\/\/elocorporate.com.br\/site\/solucoes-inovacao-e-service-design\/\" class=\"more-link\">Continue lendo <span class=\"screen-reader-text\">SOLU\u00c7\u00d5ES: IMPLANTA\u00c7\u00c3O DE ECOSSISTEMA DE INOVA\u00c7\u00c3O ABERTA<\/span> <span class=\"meta-nav\">\t<\/span><\/a><\/p>\n","protected":false},"author":1,"featured_media":354,"parent":0,"menu_order":0,"comment_status":"closed","ping_status":"closed","template":"","meta":[],"_links":{"self":[{"href":"http:\/\/elocorporate.com.br\/site\/wp-json\/wp\/v2\/pages\/183"}],"collection":[{"href":"http:\/\/elocorporate.com.br\/site\/wp-json\/wp\/v2\/pages"}],"about":[{"href":"http:\/\/elocorporate.com.br\/site\/wp-json\/wp\/v2\/types\/page"}],"author":[{"embeddable":true,"href":"http:\/\/elocorporate.com.br\/site\/wp-json\/wp\/v2\/users\/1"}],"replies":[{"embeddable":true,"href":"http:\/\/elocorporate.com.br\/site\/wp-json\/wp\/v2\/comments?post=183"}],"version-history":[{"count":7,"href":"http:\/\/elocorporate.com.br\/site\/wp-json\/wp\/v2\/pages\/183\/revisions"}],"predecessor-version":[{"id":356,"href":"http:\/\/elocorporate.com.br\/site\/wp-json\/wp\/v2\/pages\/183\/revisions\/356"}],"wp:featuredmedia":[{"embeddable":true,"href":"http:\/\/elocorporate.com.br\/site\/wp-json\/wp\/v2\/media\/354"}],"wp:attachment":[{"href":"http:\/\/elocorporate.com.br\/site\/wp-json\/wp\/v2\/media?parent=183"}],"curies":[{"name":"wp","href":"https:\/\/api.w.org\/{rel}","templated":true}]}}